{"id":7,"date":"2025-07-15T13:52:07","date_gmt":"2025-07-15T11:52:07","guid":{"rendered":"https:\/\/voiceband.de\/?page_id=7"},"modified":"2025-12-23T10:34:43","modified_gmt":"2025-12-23T09:34:43","slug":"ueber-uns","status":"publish","type":"page","link":"https:\/\/voiceband.de\/","title":{"rendered":"\u00dcber uns"},"content":{"rendered":"\n<p><strong>Gegr\u00fcndet im Jahr 1981<\/strong> geh\u00f6ren wir, <em><strong>The real Voiceband<\/strong><\/em>, zweifellos zu den \u00e4ltesten noch aktiven Bands am Niederrhein \u2013 und wir sind stolz darauf, bis heute Musik mit Leidenschaft und Seele zu machen.<\/p>\n\n\n\n<p>Im Zentrum der Band stehen wir, die Br\u00fcder <strong>Axel<\/strong> und <strong>Karl-Heinz Kluge<\/strong> sowie unser charismatischer Frontman <strong>Jerome \u201eJunior\u201c Walker<\/strong>. \u00dcber die Jahrzehnte haben wir an Gitarre und Bass so manche Ver\u00e4nderung durchlebt \u2013 mit H\u00f6hen, Tiefen und Neuanf\u00e4ngen. Besonders schwer war der Verlust unseres musikalischen Masterminds <strong>Michael \u201eSchnuff\u201c Strohm<\/strong>, der viel zu fr\u00fch von uns gegangen ist.<\/p>\n\n\n\n<p>Aktuell stehen wir vor der Herausforderung, unser Line-up zu vervollst\u00e4ndigen. Die Suche nach einem passenden <strong>Leadgitarristen<\/strong> l\u00e4uft \u2013 mit dem klaren Ziel, nicht nur musikalische Qualit\u00e4t, sondern auch echtes <strong>Bandgef\u00fchl<\/strong> wiederherzustellen. Denn f\u00fcr uns steht das <strong>Miteinander<\/strong> immer an erster Stelle.<\/p>\n\n\n\n<p>In den vergangenen Jahrzehnten haben wir unz\u00e4hlige Gigs gespielt \u2013 auf <strong>Festivals<\/strong>, in <strong>Gro\u00dfdiskotheken<\/strong> wie dem <strong>E-Dry<\/strong> oder der <strong>Fledermaus<\/strong>, auf <strong>privaten Events<\/strong> (etwa bei <strong>Dieter-Thomas Heck<\/strong>) und vielen weiteren B\u00fchnen. Zu unseren ganz besonderen Highlights geh\u00f6rt die Buchung als <strong>Vorband der Soul-Legende Wilson Pickett<\/strong> \u2013 ein Ritterschlag f\u00fcr uns! Und auch wenn es letztlich nicht geklappt hat, waren wir stolz, im Gespr\u00e4ch als <strong>Tour-Support<\/strong> f\u00fcr <strong>UB40<\/strong> und <strong>Level42<\/strong> zu sein.<\/p>\n\n\n\n<p>Nat\u00fcrlich sind auch wir nicht unber\u00fchrt durch die <strong>Corona-Pandemie<\/strong> gekommen \u2013 einige fest gebuchte Shows mussten ausfallen. Doch wir schauen nach vorn: <strong>F\u00fcr Ende 2025 planen wir unser gro\u00dfes B\u00fchnen-Comeback<\/strong> \u2013 und wir k\u00f6nnen es kaum erwarten, wieder gemeinsam mit unserem Publikum zu feiern.<\/p>\n\n\n\n<div class=\"wp-block-columns is-layout-flex wp-container-core-columns-is-layout-9d6595d7 wp-block-columns-is-layout-flex\">\n<div class=\"wp-block-column is-layout-flow wp-block-column-is-layout-flow\">\n<figure class=\"wp-block-image size-full\"><img loading=\"lazy\" decoding=\"async\" width=\"400\" height=\"500\" src=\"https:\/\/voiceband.de\/wp-content\/uploads\/2025\/08\/jerome_junior_walker_web.jpg\" alt=\"\" class=\"wp-image-198\" style=\"aspect-ratio:3\/4;object-fit:cover\" srcset=\"https:\/\/voiceband.de\/wp-content\/uploads\/2025\/08\/jerome_junior_walker_web.jpg 400w, https:\/\/voiceband.de\/wp-content\/uploads\/2025\/08\/jerome_junior_walker_web-240x300.jpg 240w\" sizes=\"auto, (max-width: 400px) 100vw, 400px\" \/><\/figure>\n\n\n\n<p><strong>Jerome &#8220;Junior&#8221; Walker &#8211; Gesang<\/strong><\/p>\n\n\n\n<p>Meine <strong>jamaikanische Herkunft<\/strong> und die <strong>Jugendzeit in London<\/strong> legten das musikalische Fundament f\u00fcr meinen Weg als <strong>Leads\u00e4nger<\/strong>, <strong>Songwriter<\/strong> und <strong>Produzent<\/strong>.<\/p>\n\n\n\n<p>In den 90ern ver\u00f6ffentlichte ich meine erste <strong>Hitsingle<\/strong> (\u201eI don\u2019t like Reggae\u201c) mit der <strong>Boygroup French Connection<\/strong>. Die Single erreichte in vielen europ\u00e4ischen L\u00e4ndern Platz eins und hielt sich drei Wochen lang an der Spitze der <strong>deutschen Dance-Charts<\/strong>.<\/p>\n\n\n\n<p>Weitere Erfolge feierte ich mit der selbst produzierten Single <strong>\u201eChange your mind\u201c<\/strong> sowie mit einer Coverversion der 70er-Hitsingle <strong>\u201eDon\u2019t Look Back\u201c<\/strong>, die ich in einem <strong>Pop-Reggae-Dance-Mix<\/strong> neu interpretierte. <br> In weiteren Projekten arbeitete ich unter anderem mit <strong>Peter Schnell<\/strong> zusammen.<\/p>\n<\/div>\n\n\n\n<div class=\"wp-block-column is-layout-flow wp-block-column-is-layout-flow\">\n<figure class=\"wp-block-image size-full\"><img loading=\"lazy\" decoding=\"async\" width=\"400\" height=\"500\" src=\"http:\/\/voiceband.de\/wp-content\/uploads\/2025\/07\/kh_kluge_sax_keys.jpg\" alt=\"\" class=\"wp-image-32\" style=\"aspect-ratio:3\/4;object-fit:cover\" srcset=\"https:\/\/voiceband.de\/wp-content\/uploads\/2025\/07\/kh_kluge_sax_keys.jpg 400w, https:\/\/voiceband.de\/wp-content\/uploads\/2025\/07\/kh_kluge_sax_keys-240x300.jpg 240w\" sizes=\"auto, (max-width: 400px) 100vw, 400px\" \/><\/figure>\n\n\n\n<p><strong>Karl-Heinz &#8220;KH&#8221; Kluge &#8211; Keyboards &amp; Saxophon<\/strong><\/p>\n\n\n\n<p>Seit Anfang der 70er bin ich als klassisch ausgebildeter Pianist und Multi-Instrumentalist in verschiedenen Bands unterwegs. Angefangen habe ich als Bassist und Organist in Sch\u00fclerbands \u2013 doch seit Ende der 70er liegt mein musikalischer Schwerpunkt auf <strong>Funk<\/strong>, <strong>Soul<\/strong>, <strong>Rock<\/strong> und <strong>Disco<\/strong>.<\/p>\n\n\n\n<p>Nach Stationen bei Bands wie <strong>Blues Commotion<\/strong>, <strong>Carat Live<\/strong>, <strong>Don Covelli<\/strong> und anderen, steht heute vor allem die <strong>VoiceBand<\/strong> im Mittelpunkt \u2013 als Gr\u00fcndungsmitglied liegt mir dieses Projekt besonders am Herzen.<\/p>\n\n\n\n<p>Gemeinsam mit meinem Bruder <strong>Axel<\/strong>, dem Drummer der &#8220;<strong>The real Voiceband<\/strong>&#8220;, spiele ich au\u00dferdem im <strong>JazzEnsemble<\/strong> der <strong>Musikschule Dinslaken<\/strong>. Hier habe ich die M\u00f6glichkeit, mein <strong>Saxophonspiel<\/strong>, das ich bei <strong>Klaus Dapper<\/strong> erlernt habe, insbesondere durch <strong>Soli<\/strong> weiter zu verbessern.<\/p>\n<\/div>\n<\/div>\n\n\n\n<div class=\"wp-block-columns is-layout-flex wp-container-core-columns-is-layout-9d6595d7 wp-block-columns-is-layout-flex\">\n<div class=\"wp-block-column is-layout-flow wp-block-column-is-layout-flow\">\n<figure class=\"wp-block-image size-full\"><img loading=\"lazy\" decoding=\"async\" width=\"400\" height=\"500\" src=\"https:\/\/voiceband.de\/wp-content\/uploads\/2025\/08\/axel_kluge_drums.jpg\" alt=\"\" class=\"wp-image-203\" style=\"aspect-ratio:3\/4;object-fit:cover\" srcset=\"https:\/\/voiceband.de\/wp-content\/uploads\/2025\/08\/axel_kluge_drums.jpg 400w, https:\/\/voiceband.de\/wp-content\/uploads\/2025\/08\/axel_kluge_drums-240x300.jpg 240w\" sizes=\"auto, (max-width: 400px) 100vw, 400px\" \/><\/figure>\n\n\n\n<p><strong>Axel Kluge &#8211; Drums<\/strong><\/p>\n\n\n\n<p>Was einst am Klavier seinen Anfang nahm, f\u00fchrte mich als jugendlichen Teenager zum Schlagzeug \u2013 und schlie\u00dflich zur Gr\u00fcndung der &#8220;<strong>The real Voiceband<\/strong>&#8221; gemeinsam mit meinem Bruder <strong>Karl-Heinz<\/strong>.<\/p>\n\n\n\n<p>Seitdem liegt mein musikalischer Schwerpunkt auf <strong>Soul<\/strong>, <strong>Funk<\/strong> und <strong>Reggae<\/strong>. Zwischendurch war ich auch in einer <strong>Oldie-Cover-Band<\/strong> aktiv, und aktuell spiele ich \u2013 ebenfalls mit meinem Bruder \u2013 im <strong>JazzEnsemble<\/strong> der <strong>Musikschule Dinslaken<\/strong>.<\/p>\n\n\n\n<p>Die Einfl\u00fcsse legend\u00e4rer Bands wie <strong>Creedence Clearwater Revival<\/strong>, <strong>Alphonse Mouzon<\/strong> und <strong>Yes <\/strong>pr\u00e4gen mein Spiel bis heute und ich arbeite kontinuierlich daran, mich weiterzuentwickeln \u2013 unter anderem im Unterricht bei <strong>Matthias Knorr<\/strong>, den ich als einen der hervorragendsten Schlagzeuger Deutschlands sch\u00e4tze.<\/p>\n\n\n\n<p><\/p>\n\n\n\n<p><\/p>\n<\/div>\n\n\n\n<div class=\"wp-block-column is-layout-flow wp-block-column-is-layout-flow\">\n<figure class=\"wp-block-image size-full\"><img loading=\"lazy\" decoding=\"async\" width=\"400\" height=\"500\" src=\"https:\/\/voiceband.de\/wp-content\/uploads\/2025\/08\/michael.jpg\" alt=\"\" class=\"wp-image-220\" style=\"aspect-ratio:3\/4;object-fit:cover\" srcset=\"https:\/\/voiceband.de\/wp-content\/uploads\/2025\/08\/michael.jpg 400w, https:\/\/voiceband.de\/wp-content\/uploads\/2025\/08\/michael-240x300.jpg 240w\" sizes=\"auto, (max-width: 400px) 100vw, 400px\" \/><\/figure>\n\n\n\n<p><strong>Michael Schnitker &#8211; Bass<\/strong><\/p>\n\n\n\n<p>Meine ersten (schr\u00e4gen) T\u00f6ne entlockte ich in der Mittelstufe noch einer Trompete \u2013 doch mein musikalisches Weltbild \u00e4nderte sich schlagartig, als ich zum ersten Mal <strong>Weather Report<\/strong> mit dem legend\u00e4ren <strong>Jaco Pastorius<\/strong> h\u00f6rte. Von da an stand der Bass im Mittelpunkt meines musikalischen Lebens. Noch einige Jahre nach der Schulzeit spielte ich in verschiedenen Fusion-, Grunge- und Folkbands, bevor die Musik f\u00fcr fast 25 Jahre in den Hintergrund r\u00fcckte.<\/p>\n<\/div>\n<\/div>\n","protected":false},"excerpt":{"rendered":"<p>Gegr\u00fcndet im Jahr 1981 geh\u00f6ren wir, The real Voiceband, zweifellos zu den \u00e4ltesten noch aktiven Bands am Niederrhein \u2013 und wir sind stolz darauf, bis heute Musik mit Leidenschaft und<a href=\"https:\/\/voiceband.de\/\" class=\"more-link\"><span class=\"readmore\">Continue reading<span class=\"screen-reader-text\">\u00dcber uns<\/span><\/span><\/a><\/p>\n","protected":false},"author":1,"featured_media":0,"parent":0,"menu_order":0,"comment_status":"closed","ping_status":"closed","template":"","meta":{"footnotes":""},"class_list":["post-7","page","type-page","status-publish","hentry"],"_links":{"self":[{"href":"https:\/\/voiceband.de\/index.php?rest_route=\/wp\/v2\/pages\/7","targetHints":{"allow":["GET"]}}],"collection":[{"href":"https:\/\/voiceband.de\/index.php?rest_route=\/wp\/v2\/pages"}],"about":[{"href":"https:\/\/voiceband.de\/index.php?rest_route=\/wp\/v2\/types\/page"}],"author":[{"embeddable":true,"href":"https:\/\/voiceband.de\/index.php?rest_route=\/wp\/v2\/users\/1"}],"replies":[{"embeddable":true,"href":"https:\/\/voiceband.de\/index.php?rest_route=%2Fwp%2Fv2%2Fcomments&post=7"}],"version-history":[{"count":35,"href":"https:\/\/voiceband.de\/index.php?rest_route=\/wp\/v2\/pages\/7\/revisions"}],"predecessor-version":[{"id":383,"href":"https:\/\/voiceband.de\/index.php?rest_route=\/wp\/v2\/pages\/7\/revisions\/383"}],"wp:attachment":[{"href":"https:\/\/voiceband.de\/index.php?rest_route=%2Fwp%2Fv2%2Fmedia&parent=7"}],"curies":[{"name":"wp","href":"https:\/\/api.w.org\/{rel}","templated":true}]}}