{"id":163,"date":"2025-08-02T10:51:32","date_gmt":"2025-08-02T08:51:32","guid":{"rendered":"https:\/\/voiceband.de\/?page_id=163"},"modified":"2025-08-23T14:41:52","modified_gmt":"2025-08-23T12:41:52","slug":"unsere-proben","status":"publish","type":"page","link":"https:\/\/voiceband.de\/?page_id=163","title":{"rendered":"Unsere Proben"},"content":{"rendered":"\n<p>Unsere Setliste steht und das Gros der Mannschaft hat die St\u00fccke \u00fcber die Jahre sicher hunderte Male gespielt. Daher proben wir in der Regel maximal alle zwei Wochen. Wenn Gigs anstehen oder bei Bedarf auch \u00f6fter. D.h. auch, dass jeder f\u00fcr sich an seinem Part arbeiten muss, das Songmaterial in Form von Leadsheets und Aufnahmen haben wir daf\u00fcr.<\/p>\n\n\n\n<p>Unser Proberaum findet sich im Duisburger Norden. Nicht der klassischste Proberaum, aber er gen\u00fcgt seit mehr als 40 Jahren.<\/p>\n\n\n\n<div class=\"wp-block-columns is-layout-flex wp-container-core-columns-is-layout-9d6595d7 wp-block-columns-is-layout-flex\">\n<div class=\"wp-block-column is-layout-flow wp-block-column-is-layout-flow\">\n<figure class=\"wp-block-image size-large\"><img loading=\"lazy\" decoding=\"async\" width=\"1024\" height=\"768\" src=\"https:\/\/voiceband.de\/wp-content\/uploads\/2025\/08\/20250714_205119-1024x768.jpg\" alt=\"\" class=\"wp-image-164\" srcset=\"https:\/\/voiceband.de\/wp-content\/uploads\/2025\/08\/20250714_205119-1024x768.jpg 1024w, https:\/\/voiceband.de\/wp-content\/uploads\/2025\/08\/20250714_205119-300x225.jpg 300w, https:\/\/voiceband.de\/wp-content\/uploads\/2025\/08\/20250714_205119-768x576.jpg 768w, https:\/\/voiceband.de\/wp-content\/uploads\/2025\/08\/20250714_205119-1536x1152.jpg 1536w, https:\/\/voiceband.de\/wp-content\/uploads\/2025\/08\/20250714_205119-2048x1536.jpg 2048w, https:\/\/voiceband.de\/wp-content\/uploads\/2025\/08\/20250714_205119-960x720.jpg 960w, https:\/\/voiceband.de\/wp-content\/uploads\/2025\/08\/20250714_205119-640x480.jpg 640w\" sizes=\"auto, (max-width: 1024px) 100vw, 1024px\" \/><\/figure>\n<\/div>\n\n\n\n<div class=\"wp-block-column is-layout-flow wp-block-column-is-layout-flow\">\n<figure class=\"wp-block-image size-large\"><img loading=\"lazy\" decoding=\"async\" width=\"1024\" height=\"768\" src=\"https:\/\/voiceband.de\/wp-content\/uploads\/2025\/08\/20250714_205134-1024x768.jpg\" alt=\"\" class=\"wp-image-165\" srcset=\"https:\/\/voiceband.de\/wp-content\/uploads\/2025\/08\/20250714_205134-1024x768.jpg 1024w, https:\/\/voiceband.de\/wp-content\/uploads\/2025\/08\/20250714_205134-300x225.jpg 300w, https:\/\/voiceband.de\/wp-content\/uploads\/2025\/08\/20250714_205134-768x576.jpg 768w, https:\/\/voiceband.de\/wp-content\/uploads\/2025\/08\/20250714_205134-1536x1152.jpg 1536w, https:\/\/voiceband.de\/wp-content\/uploads\/2025\/08\/20250714_205134-2048x1536.jpg 2048w, https:\/\/voiceband.de\/wp-content\/uploads\/2025\/08\/20250714_205134-960x720.jpg 960w, https:\/\/voiceband.de\/wp-content\/uploads\/2025\/08\/20250714_205134-640x480.jpg 640w\" sizes=\"auto, (max-width: 1024px) 100vw, 1024px\" \/><\/figure>\n<\/div>\n<\/div>\n","protected":false},"excerpt":{"rendered":"<p>Unsere Setliste steht und das Gros der Mannschaft hat die St\u00fccke \u00fcber die Jahre sicher hunderte Male gespielt. Daher proben wir in der Regel maximal alle zwei Wochen. Wenn Gigs<a href=\"https:\/\/voiceband.de\/?page_id=163\" class=\"more-link\"><span class=\"readmore\">Continue reading<span class=\"screen-reader-text\">Unsere Proben<\/span><\/span><\/a><\/p>\n","protected":false},"author":1,"featured_media":0,"parent":0,"menu_order":0,"comment_status":"closed","ping_status":"closed","template":"","meta":{"footnotes":""},"class_list":["post-163","page","type-page","status-publish","hentry"],"_links":{"self":[{"href":"https:\/\/voiceband.de\/index.php?rest_route=\/wp\/v2\/pages\/163","targetHints":{"allow":["GET"]}}],"collection":[{"href":"https:\/\/voiceband.de\/index.php?rest_route=\/wp\/v2\/pages"}],"about":[{"href":"https:\/\/voiceband.de\/index.php?rest_route=\/wp\/v2\/types\/page"}],"author":[{"embeddable":true,"href":"https:\/\/voiceband.de\/index.php?rest_route=\/wp\/v2\/users\/1"}],"replies":[{"embeddable":true,"href":"https:\/\/voiceband.de\/index.php?rest_route=%2Fwp%2Fv2%2Fcomments&post=163"}],"version-history":[{"count":4,"href":"https:\/\/voiceband.de\/index.php?rest_route=\/wp\/v2\/pages\/163\/revisions"}],"predecessor-version":[{"id":242,"href":"https:\/\/voiceband.de\/index.php?rest_route=\/wp\/v2\/pages\/163\/revisions\/242"}],"wp:attachment":[{"href":"https:\/\/voiceband.de\/index.php?rest_route=%2Fwp%2Fv2%2Fmedia&parent=163"}],"curies":[{"name":"wp","href":"https:\/\/api.w.org\/{rel}","templated":true}]}}